{"id":14,"date":"2014-02-26T22:14:06","date_gmt":"2014-02-26T21:14:06","guid":{"rendered":"http:\/\/www.cunivetservice.com\/wp\/?page_id=14"},"modified":"2025-01-07T17:01:25","modified_gmt":"2025-01-07T16:01:25","slug":"publicaciones","status":"publish","type":"page","link":"https:\/\/www.cunivetservice.com\/ca\/publicacions\/","title":{"rendered":"Publicacions"},"content":{"rendered":"<p align=\"justify\">Amable lector, ac\u00ed trobar\u00e0 les meves publicacions. Son el resultat de la curiositat i entusiasme, que m&#8217;han portat a obrir diverses portes relacionades amb la Medicina i la Producci\u00f3 del conill. Si vost\u00e8 vol consultar-ne alguna, faci servir-la sens dubte, per\u00f2 <b>li prego que s&#8217;abstingui de publicar-la o col\u00b7locar-la en altres p\u00e0gines web.<\/b><\/p>\n<p align=\"justify\">Per accedir en qualsevol moment amb facilitat i rapidesa a aquesta p\u00e0gina, pot col\u00b7locar en el seu escriptori l&#8217;acc\u00e8s directe que se li ofereix al final d&#8217;aquesta. Faci clic a on es sol\u00b7licita; s&#8217;obrir\u00e0 una p\u00e0gina en blanc amb l&#8217;acc\u00e9s directe en format zip. Sol\u00b7liciti obrir-lo i arrossegui la icona, ara visible, a l&#8217;escriptori.<\/p>\n<ul>\n<li><a href=\"http:\/\/cunivetservice.com\/docs\/Publica.1978-1987.pdf\" target=\"_blank\" rel=\"noopener noreferrer\">Publicacions de 1978 a 1987<\/a><\/li>\n<li><a href=\"https:\/\/www.cunivetservice.com\/wp-content\/uploads\/2019\/09\/Publi.1988-1997-181092019.pdf\" target=\"_blank\" rel=\"noopener noreferrer\">Publicacions de 1988 a 1997<\/a><\/li>\n<li><a href=\"https:\/\/www.cunivetservice.com\/wp-content\/uploads\/2024\/06\/Publi.1988-1997-05062024.pdf\" target=\"_blank\" rel=\"noopener noreferrer\">Publicacions de 1998 a 2007<\/a><\/li>\n<li><a href=\"https:\/\/www.cunivetservice.com\/wp-content\/uploads\/2024\/06\/Publications-of-2008-onwards-05062024.pdf\" target=\"_blank\" rel=\"noopener noreferrer\">Publicacions des del 2008 a 2017<\/a><\/li>\n<li><a href=\"https:\/\/www.cunivetservice.com\/wp-content\/uploads\/2025\/01\/Publications-of-2018-onwards-02012025.pdf\" target=\"_blank\" rel=\"noopener noreferrer\">Publicacions des del 2018 en endavant<\/a><\/li>\n<hr>\n<p> \t<!-- \n\n<li><a href=\"http:\/\/cunivetservice.com\/docs\/Profilaxia.Pt.2002.pdf\" target=\"_blank\" rel=\"noopener noreferrer\">Rosell JM. 2002. Profilaxia em explora\u00e7oes de cunicultura intensiva. <\/a><\/li>\n\n --><\/p>\n<li><a href=\"https:\/\/cunivetservice.com\/docs\/PosterVerona.June2008.pdf\" target=\"_blank\" rel=\"noopener noreferrer\">Rosell RM, DVM PhD and de la Fuente LF, DVM PhD. 2008. Health and body condition of rabbit does on commercial farms. Images.<\/a><\/li>\n<p> \t<!-- \n\n<li><a href=\"http:\/\/cunivetservice.com\/docs\/BdeCu.161.Nov2009.pdf\" target=\"_blank\" rel=\"noopener noreferrer\">Joan Rosell.Aspectos sanitarios de la cunicultura intensiva. 1997 - 2007. <i>Bolet\u00edn de Cunicultura<\/i> num.161 (2009)<\/a><\/li>\n\n --><\/p>\n<li><a href=\"http:\/\/cunivetservice.com\/docs\/CALCIFICAORTA.2012.pdf\" target=\"_blank\" rel=\"noopener noreferrer\">Rosell JM. 2012. Calcification of soft tissues in domestic rabbits on commercial farms. Images.<\/a><\/li>\n<li><a href=\"http:\/\/cunivetservice.com\/docs\/VHD.2012.Rosell..pdf\" target=\"_blank\" rel=\"noopener noreferrer\">Rosell JM 2012. Viral haemorrhagic disease in kits. Images.<\/a><\/li>\n<li><a href=\"http:\/\/cunivetservice.com\/docs\/POSTERSHARM.2012.BR.pdf\" target=\"_blank\" rel=\"noopener noreferrer\">Rosell JM, de la Fuente LF 2012. On-farm causes of mortality in female rabbits.\u00a010th World Rabbit Congress<\/a><\/li>\n<li><a href=\"http:\/\/cunivetservice.com\/docs\/SoreHocks.2013.pdf\" target=\"_blank\" rel=\"noopener noreferrer\">Rosell JM 2013. Ulcerative Pododermatitis in Breeding Rabbits, Images.<\/a><\/li>\n<li><a href=\"http:\/\/cunivetservice.com\/docs\/VacMixoRosell.Cunic.227.5.7.2014.pdf\" target=\"_blank\" rel=\"noopener noreferrer\">Rosell JM.\u00a02014. Vacunaciones contra mixomatosis.<\/a><\/li>\n<li><a href=\"http:\/\/cunivetservice.com\/docs\/Eutanas.Cunicultu.230.Mar.2015.pdf\" target=\"_blank\" rel=\"noopener noreferrer\">Rosell JM. 2015. Eutanasia en granjas de conejos<\/a>.<\/li>\n<li><a href=\"http:\/\/cunivetservice.com\/docs\/CausesMorta.Images.MinorPresent.26Jul.2015.pdf\" target=\"_blank\" rel=\"noopener noreferrer\">Rosell JM. 2015. Mortality in breeding rabbits. Causes of minor presentation.<\/a><\/li>\n<li><a href=\"http:\/\/cunivetservice.com\/docs\/Poster.Rabbit.Mastitis and Staphyloc.June.15.2017.pdf\" target=\"_blank\" rel=\"noopener noreferrer\">Rosell JM. 2017. Mastitis &amp; staphylococcosis on rabbitries. Images.\u00a0<\/a><\/li>\n<li><a href=\"https:\/\/www.cunivetservice.com\/wp-content\/uploads\/2019\/04\/Rabbit.Myxomatosis.Rosell.April_.25.2019.pdf\" target=\"_blank\" rel=\"noopener noreferrer\">Rosell JM. 2019. Rabbit Myxomatosis; April.25.2019. Imatges.\u00a0<\/a><\/li>\n<li><a href=\"https:\/\/www.cunivetservice.com\/cunivet-service-video\/\" target=\"_blank\" rel=\"noopener noreferrer\">Rosell JM. 2019. Atypical myxomatosis (vaccinated doe). Video.<\/a><\/li>\n<li><a href=\"https:\/\/www.cunivetservice.com\/wp-content\/uploads\/2020\/04\/Poster.Types_.Rabbitries.Visited.1994.2019.23Apr2020_compressed.pdf\" target=\"_blank\" rel=\"noopener noreferrer\">Rosell JM. 2020. Types of farms visited during 1994 &#8211; 2019. Images<\/a><\/li>\n<li><a href=\"https:\/\/www.cunivetservice.com\/wp-content\/uploads\/2020\/04\/DisordersReproductionDoes.Images.23Apr2020_compressed.pdf\" target=\"_blank\" rel=\"noopener noreferrer\">Rosell JM. 2020. Reproduction and related disorders in farmed female rabbits. 1994 to 2019. Images<\/a><\/li>\n<li><a href=\"https:\/\/www.cunivetservice.com\/wp-content\/uploads\/2022\/01\/wrc_round_table_1_191121.pdf\" target=\"_blank\" rel=\"noopener noreferrer\">Rosell JM. 2021. \u201cThe rabbit farming in the post-antibiotic era: a challenge that can be won?\u201d  Round table, 12th World Rabbit Congress, Nantes, France<\/a><\/li>\n<li><a href=\"https:\/\/www.cunivetservice.com\/wp-content\/uploads\/2022\/04\/Respir.Disorder.Farm_.Rabbits.Images.27.Apr_.2022.pdf\" target=\"_blank\" rel=\"noopener noreferrer\">Rosell JM. 2022. Respiratory disorders in farmed rabbits. Images.<\/a><\/li>\n<li><a href=\"https:\/\/www.cunivetservice.com\/wp-content\/uploads\/2023\/06\/Mange.Farm_.Rabbits.Images.5th.June_.2023.pdf\" target=\"_blank\" rel=\"noopener noreferrer\">Rosell JM. 2023. Mange in farmed rabbits. 1996 &#8211; 2022. Images<\/a><\/li>\n<li><a href=\"https:\/\/www.cunivetservice.com\/wp-content\/uploads\/2025\/01\/Fatty-Liver-Images.-2024_2.pdf\" target=\"_blank\" rel=\"noopener noreferrer\">Rosell JM.2024. Fatty liver in farmed rabbit females. Images.<\/a><\/li>\n<\/ul>\n","protected":false},"excerpt":{"rendered":"<p>Amable lector, ac\u00ed trobar\u00e0 les meves publicacions. Son el resultat de la curiositat i entusiasme, que m&#8217;han portat a obrir diverses portes relacionades amb la Medicina i la Producci\u00f3 del conill. Si vost\u00e8 vol consultar-ne alguna, faci servir-la sens dubte, per\u00f2 li prego que s&#8217;abstingui de publicar-la o col\u00b7locar-la en altres p\u00e0gines web. Per accedir [&hellip;]<\/p>\n","protected":false},"author":1,"featured_media":0,"parent":0,"menu_order":40,"comment_status":"closed","ping_status":"closed","template":"","meta":{"footnotes":""},"class_list":["post-14","page","type-page","status-publish","hentry"],"aioseo_notices":[],"_links":{"self":[{"href":"https:\/\/www.cunivetservice.com\/ca\/wp-json\/wp\/v2\/pages\/14","targetHints":{"allow":["GET"]}}],"collection":[{"href":"https:\/\/www.cunivetservice.com\/ca\/wp-json\/wp\/v2\/pages"}],"about":[{"href":"https:\/\/www.cunivetservice.com\/ca\/wp-json\/wp\/v2\/types\/page"}],"author":[{"embeddable":true,"href":"https:\/\/www.cunivetservice.com\/ca\/wp-json\/wp\/v2\/users\/1"}],"replies":[{"embeddable":true,"href":"https:\/\/www.cunivetservice.com\/ca\/wp-json\/wp\/v2\/comments?post=14"}],"version-history":[{"count":92,"href":"https:\/\/www.cunivetservice.com\/ca\/wp-json\/wp\/v2\/pages\/14\/revisions"}],"predecessor-version":[{"id":467,"href":"https:\/\/www.cunivetservice.com\/ca\/wp-json\/wp\/v2\/pages\/14\/revisions\/467"}],"wp:attachment":[{"href":"https:\/\/www.cunivetservice.com\/ca\/wp-json\/wp\/v2\/media?parent=14"}],"curies":[{"name":"wp","href":"https:\/\/api.w.org\/{rel}","templated":true}]}}