{"id":9,"date":"2014-02-26T18:11:38","date_gmt":"2014-02-26T17:11:38","guid":{"rendered":"http:\/\/www.cunivetservice.com\/wp\/?page_id=9"},"modified":"2024-06-05T15:35:01","modified_gmt":"2024-06-05T14:35:01","slug":"resumen-del-curriculum","status":"publish","type":"page","link":"https:\/\/www.cunivetservice.com\/ca\/resum-del-curriculum\/","title":{"rendered":"Resum del curr\u00edculum"},"content":{"rendered":"<table width=\"100%\">\n<tbody>\n<tr>\n<td colspan=\"2\"><span style=\"color: #666666; font-family: Arial; font-size: medium;\"><span style=\"color: #666666; font-family: Arial; font-size: medium;\"><b>RESUMEN DEL CURRICULUM VITAE<\/b><br \/>\n<\/span><\/span>Fecha de nacimiento 05 de Junio de 1955<\/td>\n<\/tr>\n<tr>\n<td colspan=\"2\"><span style=\"color: #666666; font-family: Arial; font-size: medium;\"><span style=\"color: #666666; font-family: Arial; font-size: medium;\"><b>Educaci\u00f3n:<\/b><\/span><br \/>\n<\/span>High School, Barcelona (Honors), 1971<br \/>\nUniversidad de Barcelona (1972 -1973)<br \/>\nUniversidad de Le\u00f3n (1973 -1980)<br \/>\nUniversidad de Complutense Madrid (1980 -1983)<br \/>\nVeterinary Medicine Degree (Highest Honors), Madrid, July 1981.<br \/>\nUniversidad de Zaragoza (1984 -1990)<br \/>\nPhilosophy Doctor (Highest Honors), Zaragoza, July 10th 1990.<span style=\"color: #666666; font-family: Arial; font-size: medium;\"><span style=\"color: #666666; font-family: Arial; font-size: medium;\"><br \/>\n<\/span><\/span><\/td>\n<\/tr>\n<tr>\n<td colspan=\"2\"><span style=\"color: #666666; font-family: Arial; font-size: medium;\"><b>Experiencia Profesional<\/b><\/span><br \/>\n<span style=\"color: #666666; font-family: Arial; font-size: medium;\"><b>Desde enero del 2010:<\/b><\/span><br \/>\n<span style=\"color: #666666; font-family: Arial; font-size: medium;\">CuniVet <em>Service \u00a0<\/em><\/span><br \/>\n<img loading=\"lazy\" decoding=\"async\" class=\"aligncenter\" src=\"http:\/\/www.cunivetservice.com\/wp-content\/uploads\/2014\/03\/cunivetservice.png\" alt=\"\" width=\"150\" height=\"92\" align=\"left\" \/><\/td>\n<\/tr>\n<tr>\n<td colspan=\"2\"><span style=\"color: #666666; font-family: Arial; font-size: medium;\"><span style=\"color: #666666; font-family: Arial; font-size: medium;\"><strong> Anteriormente:<\/strong><br \/>\n<\/span><\/span><\/p>\n<ul>\n<li>From May 2016 Biorabbit &amp; Col SL<\/li>\n<li>From March 2010 until July 2013: Federaci\u00f3 d\u2019Associacions de Cunicultors de Catalunya\/ FACC.<\/li>\n<li>February 1988 &#8211; January 2010: Rabbit Product Manager Spain (1988), and Portugal(1999). NANTA SA, a Nutreco Company. Tres Cantos (Madrid).<\/li>\n<li>Rabbit Veterinary Practitioner in CORENA-NANTA , Reus (Tarragona) July 1984- Feb 1988.<\/li>\n<li>Rabbit Veterinarian in: Associaci\u00f3 de Cunicultors del Bages.December 1983-December 2008.<\/li>\n<li>Departamento de Reproducci\u00f3n Animal del INIA (Madrid), 1981-1983<\/li>\n<\/ul>\n<\/td>\n<\/tr>\n<tr>\n<td colspan=\"2\"><b>Professional Society Memberships<\/b><\/p>\n<p>Member, Col\u00b7legi Oficial de Veterinaris de Barcelona with the license number 758.<br \/>\nMember, Asociaci\u00f3n Espa\u00f1ola de Cunicultura \/ ASESCU from 1976.<\/td>\n<\/tr>\n<tr>\n<td colspan=\"2\"><span style=\"color: #666666; font-family: Arial; font-size: medium;\"><span style=\"color: #666666; font-family: Arial; font-size: medium;\"><br \/>\n<strong>Otras actividades profesionales:<\/strong><br \/>\n<\/span><\/span>Adem\u00e1s de la actividad b\u00e1sica en Medicina y Producci\u00f3n del conejo, colaboro en proyectos de investigaci\u00f3n, ensayos cl\u00ednicos y misiones internacionales espec\u00edficas, como la acci\u00f3n COST 848: &#8220;Multi-facetted research in rabbits: A modelo to develop a healthy and safe production in respect with animal welfare &#8220;(2000 &#8211; 2004).En la European Food Safety Authority \/ EFSA Mandate:&#8221; The Impact of the current housing and Husbandry systems on the health and welfare of farmed domestic rabbits &#8220;(2004-2005), (2018 &#8211; 2019).<\/p>\n<p>Otras actividades: EFSA- Mandate- 2021: \u201cAssessment of animal diseases caused by bacteria resistant to antimicrobials: rabbits\u201d \u00a0<a href=\"https:\/\/doi.org\/10.2903\/j.efsa.2021.6999\">https:\/\/doi.org\/10.2903\/j.efsa.2021.6999<\/a><br \/>\n<br \/>\nTambi\u00e9n colaboro frecuentemente en actividades de formaci\u00f3n continuada, escribiendo art\u00edculos y como profesor invitado.<\/td>\n<\/tr>\n<tr>\n<td width=\"100%\"><span style=\"color: #666666; font-family: Arial; font-size: medium;\"><span style=\"color: #666666; font-family: Arial; font-size: medium;\"><br \/>\n<\/span><\/span><b> ENTIDADES A LAS QUE MI FORMACI\u00d3N EST\u00c1 M\u00c1S VINCULADA:<\/b><\/p>\n<ul>\n<li><a style=\"font-family: Lato, sans-serif; font-size: 14px; line-height: 1.2857142857;\" href=\"https:\/\/icta.webs.upv.es\/\" target=\"_blank\" rel=\"noopener noreferrer\">Departamento de Ciencia Animal.<\/a><\/li>\n<li><a href=\"http:\/\/veterinaria.unizar.es\/\">Facultad de Veterinaria de la Universidad de Zaragoza<\/a><\/li>\n<li><a href=\"http:\/\/www.inia.es\/Pages\/Home.aspx\" target=\"_blank\" rel=\"noopener noreferrer\">Instituto Nacional de Investigaci\u00f3n y Tecnolog\u00eda Agraria y Alimentaria INIA &#8211; CSIC<\/a><\/li>\n<li><a href=\"http:\/\/www.etsia.upm.es\/\">Escuela T\u00e9cnica Superior de Ingenieros Agr\u00f3nomos. Universidad Polit\u00e9cnica de Madrid<\/a><\/li>\n<li><a href=\"http:\/\/www.ucm.es\/info\/webvet\/\">Facultad de Veterinaria de la Universidad Complutense de Madrid<\/a><\/li>\n<li><a href=\"http:\/\/centros.unileon.es\/veterinaria\/\">Facultad de Veterinaria de Le\u00f3n<\/a><\/li>\n<li><a href=\"http:\/\/www.ub.edu\/web\/ub\/es\/\">Facultad de Ciencias de la Universidad de Barcelona<\/a><\/li>\n<li><a href=\"http:\/\/www.uab.es\/veterinaria\">Facultad de Veterinaria de la UAB<\/a><\/li>\n<li><a href=\"http:\/\/www.cresa.es\/cresa3\/default.asp\">Centre de Recerca en Sanitat Animal (CReSA)<\/a><\/li>\n<li><a href=\"http:\/\/www.iamz.ciheam.org\/es\/\">Instituto Agron\u00f3mico Mediterr\u00e1neo de Zaragoza<\/a><\/li>\n<\/ul>\n<\/td>\n<\/tr>\n<\/tbody>\n<\/table>\n<table width=\"100%\">\n<tbody>\n<tr>\n<td colspan=\"2\"><span style=\"color: #666666; font-family: Arial; font-size: medium;\"><span style=\"color: #666666; font-family: Arial; font-size: medium;\"><b>RESUM DEL CURRICULUM VITAE<\/b><br \/>\n<\/span><\/span>Data de naixement 5 de juny del 1955<\/td>\n<\/tr>\n<tr>\n<td colspan=\"2\"><span style=\"color: #666666; font-family: Arial; font-size: medium;\"><span style=\"color: #666666; font-family: Arial; font-size: medium;\"><b>Educaci\u00f3<\/b><\/span><br \/>\n<\/span>High School, Barcelona (Honors), 1971<br \/>\nUniversitat de Barcelona (1972 -1973)<br \/>\nUniversitat de Leon (1973 -1980)<br \/>\nUniversitat Complutense de Madrid (1980 -1983)<br \/>\nVeterinary Medicine Degree (Highest Honors), Madrid, July 1981.<br \/>\nUniversitat de Zaragoza (1984 -1990)<br \/>\nPhilosophy Doctor (Highest Honors), Zaragoza, July 10th 1990.<span style=\"color: #666666; font-family: Arial; font-size: medium;\"><span style=\"color: #666666; font-family: Arial; font-size: medium;\"><br \/>\n<\/span><\/span><b>Professional Experience<\/b><\/td>\n<\/tr>\n<tr>\n<td colspan=\"2\"><span style=\"color: #666666; font-family: Arial; font-size: medium;\"><b>Experiencia Profesional<\/b><\/span><br \/>\n<span style=\"color: #666666; font-family: Arial; font-size: medium;\"><b>Des de gener del 2010:<\/b><\/span><br \/>\n<span style=\"color: #666666; font-family: Arial; font-size: medium;\">CuniVet <em>Service \u00a0<\/em><\/span><br \/>\n<img loading=\"lazy\" decoding=\"async\" class=\"aligncenter\" src=\"http:\/\/www.cunivetservice.com\/wp-content\/uploads\/2014\/03\/cunivetservice.png\" alt=\"\" width=\"150\" height=\"92\" align=\"left\" \/><\/td>\n<\/tr>\n<tr>\n<td colspan=\"2\"><span style=\"color: #666666; font-family: Arial; font-size: medium;\"><span style=\"color: #666666; font-family: Arial; font-size: medium;\"><strong> Formerly:<\/strong><br \/>\n<\/span><\/span><\/p>\n<ul>\n<li>From May 2016 Biorabbit &amp; Col SL<\/li>\n<li>From March 2010 until July 2013: Federaci\u00f3 d\u2019Associacions de Cunicultors de Catalunya\/ FACC.<\/li>\n<li>February 1988 &#8211; January 2010: Rabbit Product Manager Spain (1988), and Portugal(1999). NANTA SA, a Nutreco Company. Tres Cantos (Madrid).<\/li>\n<li>Rabbit Veterinary Practitioner in CORENA-NANTA , Reus (Tarragona) July 1984- Feb 1988.<\/li>\n<li>Rabbit Veterinarian in: Associaci\u00f3 de Cunicultors del Bages.December 1983-December 2008.<\/li>\n<li>Departamento de Reproducci\u00f3n Animal del INIA (Madrid), 1981-1983<\/li>\n<\/ul>\n<\/td>\n<\/tr>\n<tr>\n<td colspan=\"2\"><b>Professional Society Memberships:<\/b><\/p>\n<p>Member, Col\u00b7legi Oficial de Veterinaris de Barcelona with the license number 758.<br \/>\nMember, Asociaci\u00f3n Espa\u00f1ola de Cunicultura \/ ASESCU from 1976.<\/td>\n<\/tr>\n<tr>\n<td colspan=\"2\"><span style=\"color: #666666; font-family: Arial; font-size: medium;\"><span style=\"color: #666666; font-family: Arial; font-size: medium;\"><strong>Altres activitats professionals:<\/strong><br \/>\n<\/span><\/span>A m\u00e9s de l&#8217;activitat b\u00e0sica en Medicina i Producci\u00f3 del conill, col\u00b7laboro en projectes de recerca, assajos cl\u00ednics i missions internacionals espec\u00edfiques, com l&#8217;acci\u00f3 COST 848: &#8220;Multi-facetted research in rabbits: A model to develop a healthy and safe production in respect with animal welfare&#8221; (2000 &#8211; 2004), (2018 &#8211; 2019).And the European Food Safety Authority \/ EFSA mandate: \u201cThe Impact of the current housing and husbandry systems on the health and welfare of farmed domestic rabbits\u201d (2004-2005). <\/p>\n<p>Altres activitats: EFSA- Mandate- 2021: \u201cAssessment of animal diseases caused by bacteria resistant to antimicrobials: rabbits\u201d \u00a0<a href=\"https:\/\/doi.org\/10.2903\/j.efsa.2021.6999\">https:\/\/doi.org\/10.2903\/j.efsa.2021.6999<\/a><br \/>\n<br \/>\nTamb\u00e9 col\u00b7laboro freq\u00fcentment en activitats de formaci\u00f3 continuada, escrivint articles i com professor convidat.<\/td>\n<\/tr>\n<tr>\n<td width=\"100%\"><span style=\"color: #666666; font-family: Arial; font-size: medium;\"><span style=\"color: #666666; font-family: Arial; font-size: medium;\"><br \/>\n<\/span><\/span><b> ENTITATS A LES QUE LA MEVA FORMACI\u00d3 EST\u00c0 M\u00c9S VINCULADA:<\/b><\/p>\n<ul>\n<li><a style=\"font-family: Lato, sans-serif; font-size: 14px; line-height: 1.2857142857;\" href=\"https:\/\/icta.webs.upv.es\/ca\/\" target=\"_blank\" rel=\"noopener noreferrer\">Departamento de Ciencia Animal.<\/a><\/li>\n<li><a href=\"http:\/\/veterinaria.unizar.es\/\">Facultad de Veterinaria de la Universidad de Zaragoza<\/a><\/li>\n<li><a href=\"http:\/\/www.inia.es\/Pages\/Home.aspx\" target=\"_blank\" rel=\"noopener noreferrer\">Instituto Nacional de Investigaci\u00f3n y Tecnolog\u00eda Agraria y Alimentaria INIA &#8211; CSIC<\/a><\/li>\n<li><a href=\"http:\/\/www.etsia.upm.es\/\">Escuela T\u00e9cnica Superior de Ingenieros Agr\u00f3nomos. Universidad Polit\u00e9cnica de Madrid<\/a><\/li>\n<li><a href=\"http:\/\/www.ucm.es\/info\/webvet\/\">Facultad de Veterinaria de la Universidad Complutense de Madrid<\/a><\/li>\n<li><a href=\"http:\/\/centros.unileon.es\/veterinaria\/\">Facultad de Veterinaria de Le\u00f3n<\/a><\/li>\n<li><a href=\"http:\/\/www.ub.edu\/web\/ub\/es\/\">Facultad de Ciencias de la Universidad de Barcelona<\/a><\/li>\n<li><a href=\"http:\/\/www.uab.es\/veterinaria\">Facultad de Veterinaria de la UAB<\/a><\/li>\n<li><a href=\"http:\/\/www.cresa.es\/cresa3\/default.asp\">Centre de Recerca en Sanitat Animal (CReSA)<\/a><\/li>\n<li><a href=\"http:\/\/www.iamz.ciheam.org\/es\/\">Instituto Agron\u00f3mico Mediterr\u00e1neo de Zaragoza<\/a><\/li>\n<\/ul>\n<\/td>\n<\/tr>\n<\/tbody>\n<\/table>\n","protected":false},"excerpt":{"rendered":"<p>RESUMEN DEL CURRICULUM VITAE Fecha de nacimiento 05 de Junio de 1955 Educaci\u00f3n: High School, Barcelona (Honors), 1971 Universidad de Barcelona (1972 -1973) Universidad de Le\u00f3n (1973 -1980) Universidad de Complutense Madrid (1980 -1983) Veterinary Medicine Degree (Highest Honors), Madrid, July 1981. Universidad de Zaragoza (1984 -1990) Philosophy Doctor (Highest Honors), Zaragoza, July 10th 1990. [&hellip;]<\/p>\n","protected":false},"author":1,"featured_media":0,"parent":0,"menu_order":20,"comment_status":"closed","ping_status":"closed","template":"","meta":{"footnotes":""},"class_list":["post-9","page","type-page","status-publish","hentry"],"aioseo_notices":[],"_links":{"self":[{"href":"https:\/\/www.cunivetservice.com\/ca\/wp-json\/wp\/v2\/pages\/9","targetHints":{"allow":["GET"]}}],"collection":[{"href":"https:\/\/www.cunivetservice.com\/ca\/wp-json\/wp\/v2\/pages"}],"about":[{"href":"https:\/\/www.cunivetservice.com\/ca\/wp-json\/wp\/v2\/types\/page"}],"author":[{"embeddable":true,"href":"https:\/\/www.cunivetservice.com\/ca\/wp-json\/wp\/v2\/users\/1"}],"replies":[{"embeddable":true,"href":"https:\/\/www.cunivetservice.com\/ca\/wp-json\/wp\/v2\/comments?post=9"}],"version-history":[{"count":62,"href":"https:\/\/www.cunivetservice.com\/ca\/wp-json\/wp\/v2\/pages\/9\/revisions"}],"predecessor-version":[{"id":412,"href":"https:\/\/www.cunivetservice.com\/ca\/wp-json\/wp\/v2\/pages\/9\/revisions\/412"}],"wp:attachment":[{"href":"https:\/\/www.cunivetservice.com\/ca\/wp-json\/wp\/v2\/media?parent=9"}],"curies":[{"name":"wp","href":"https:\/\/api.w.org\/{rel}","templated":true}]}}