{"id":53,"date":"2014-03-10T22:43:55","date_gmt":"2014-03-10T21:43:55","guid":{"rendered":"http:\/\/www.cunivetservice.com\/wp\/?page_id=53"},"modified":"2025-01-02T17:53:43","modified_gmt":"2025-01-02T16:53:43","slug":"otros-enlaces","status":"publish","type":"page","link":"https:\/\/www.cunivetservice.com\/en\/other-links\/","title":{"rendered":"Other Links"},"content":{"rendered":"<p><span style=\"color: #666666; font-family: Arial; font-size: medium;\"> In this page you will find other useful links: <\/span><\/p>\n<ul>\n<li><a title=\"Biorabbit\" href=\"http:\/\/www.biorabbit.es\" target=\"_blank\" rel=\"noopener noreferrer\">Biorabbit<\/a><\/li>\n<li><a href=\"http:\/\/www.aemps.gob.es\/\" target=\"_blank\" rel=\"noopener noreferrer\">Agencia Espa\u00f1ola del Medicamento y Productos Sanitarios<\/a><\/li>\n<li><a href=\"http:\/\/www.asescu.com\/\" target=\"_blank\" rel=\"noopener noreferrer\">Asociaci\u00f3n Espa\u00f1ola de Cunicultura<\/a><\/li>\n<li><a href=\"http:\/\/www.efsa.europa.eu\/\" target=\"_blank\" rel=\"noopener noreferrer\">Autoridad Europea de Seguridad Alimentaria (EFSA)<\/a><\/li>\n<li><a href=\"http:\/\/www.cresa.cat\/cresa3\/default.asp\" target=\"_blank\" rel=\"noopener noreferrer\">Centre de Recerca en Sanitat Animal (CReSA)-IRTA<\/a><\/li>\n<li><a href=\"http:\/\/www.cuniculture.info\/\" target=\"_blank\" rel=\"noopener noreferrer\">Cuni<i>culture<\/i><\/a><\/li>\n<li><a href=\"http:\/\/www.ebd.csic.es\/\" target=\"_blank\" rel=\"noopener noreferrer\">Estaci\u00f3n Biol\u00f3gica de Do\u00f1ana<\/a><\/li>\n<li><a href=\"http:\/\/www.fve.org\/\" target=\"_blank\" rel=\"noopener noreferrer\">Federaci\u00f3n de Veterinarios de Europa<\/a><\/li>\n<li><a href=\"http:\/\/www.irec.es\/\" target=\"_blank\" rel=\"noopener noreferrer\">Instituto de Investigaci\u00f3n en Recursos Cineg\u00e9ticos<\/a><\/li>\n<li><a href=\"http:\/\/www.ivia.gva.es\/web\/cita-ivia\/\">Instituto Valenciano de Investigaciones Agrarias<\/a><\/li>\n<li><a href=\"https:\/\/www.mapa.gob.es\/es\" target=\"_blank\" rel=\"noopener noreferrer\">Ministerio de Agricultura y Pesca, Alimentaci\u00f3n<\/a><\/li>\n<li><a href=\"http:\/\/www.colvet.es\/\" target=\"_blank\" rel=\"noopener noreferrer\">Organizaci\u00f3n Colegial Veterinaria Espa\u00f1ola<\/a><\/li>\n<li><a href=\"http:\/\/www.intercun.org\/\" target=\"_blank\" rel=\"noopener noreferrer\">Organizaci\u00f3n Interprofesional Cun\u00edcola<\/a><\/li>\n<li><a href=\"http:\/\/www.oie.int\/ESP\/ES_INDEX.HTM\" target=\"_blank\" rel=\"noopener noreferrer\">Organizaci\u00f3n Mundial de Sanidad Animal<\/a><\/li>\n<li><a href=\"http:\/\/www.ruralcat.net\/web\/guest\" target=\"_blank\" rel=\"noopener noreferrer\">RuralCat. Departament d\u2019Agricultura, Alimentaci\u00f3 i Acci\u00f3 Rural. Generalitat de Catalunya<\/a><\/li>\n<li><a href=\"http:\/\/www.uab.cat\/veterinaria\/\">Universitat Aut\u00f3noma de Barcelona. Veterin\u00e0ria<\/a><\/li>\n<li><a href=\"https:\/\/www.uchceu.es\/estudios\/grado\/veterinaria\">Universidad CEU-UCH. Veterinaria<\/a><\/li>\n<li><a href=\"http:\/\/veterinaria.ucm.es\/\">Universidad Complutense de Madrid. Veterinaria<\/a><\/li>\n<li><a href=\"https:\/\/veterinaria.unileon.es\/\">Universidad de Le\u00f3n. Veterinaria<\/a><\/li>\n<li><a href=\"http:\/\/icta.webs.upv.es\/\" target=\"_blank\" rel=\"noopener noreferrer\">Universidad Polit\u00e9cnica de Valencia. ICTA<\/a><\/li>\n<li><a href=\"http:\/\/world-rabbit-science.com\/\" target=\"_blank\" rel=\"noopener noreferrer\">World Rabbit Science Association<\/a><\/li>\n<li><a href=\"https:\/\/www.csic.es\/es\/el-csic\/organizacion\/institutos-centros-y-unidades\/instituto-nacional-de-investigacion-y-tecnologia-agraria-y-alimentaria\" target=\"_blank\" rel=\"noopener noreferrer\">Instituto Nacional de Investigaci\u00f3n y Tecnolog\u00eda Agraria y Alimentaria<\/a><\/li>\n<\/ul>\n","protected":false},"excerpt":{"rendered":"<p>In this page you will find other useful links: Biorabbit Agencia Espa\u00f1ola del Medicamento y Productos Sanitarios Asociaci\u00f3n Espa\u00f1ola de Cunicultura Autoridad Europea de Seguridad Alimentaria (EFSA) Centre de Recerca en Sanitat Animal (CReSA)-IRTA Cuniculture Estaci\u00f3n Biol\u00f3gica de Do\u00f1ana Federaci\u00f3n de Veterinarios de Europa Instituto de Investigaci\u00f3n en Recursos Cineg\u00e9ticos Instituto Valenciano de Investigaciones Agrarias [&hellip;]<\/p>\n","protected":false},"author":1,"featured_media":0,"parent":0,"menu_order":50,"comment_status":"closed","ping_status":"closed","template":"","meta":{"footnotes":""},"class_list":["post-53","page","type-page","status-publish","hentry"],"aioseo_notices":[],"_links":{"self":[{"href":"https:\/\/www.cunivetservice.com\/en\/wp-json\/wp\/v2\/pages\/53","targetHints":{"allow":["GET"]}}],"collection":[{"href":"https:\/\/www.cunivetservice.com\/en\/wp-json\/wp\/v2\/pages"}],"about":[{"href":"https:\/\/www.cunivetservice.com\/en\/wp-json\/wp\/v2\/types\/page"}],"author":[{"embeddable":true,"href":"https:\/\/www.cunivetservice.com\/en\/wp-json\/wp\/v2\/users\/1"}],"replies":[{"embeddable":true,"href":"https:\/\/www.cunivetservice.com\/en\/wp-json\/wp\/v2\/comments?post=53"}],"version-history":[{"count":17,"href":"https:\/\/www.cunivetservice.com\/en\/wp-json\/wp\/v2\/pages\/53\/revisions"}],"predecessor-version":[{"id":465,"href":"https:\/\/www.cunivetservice.com\/en\/wp-json\/wp\/v2\/pages\/53\/revisions\/465"}],"wp:attachment":[{"href":"https:\/\/www.cunivetservice.com\/en\/wp-json\/wp\/v2\/media?parent=53"}],"curies":[{"name":"wp","href":"https:\/\/api.w.org\/{rel}","templated":true}]}}